{"id":22,"date":"2024-02-11T09:47:02","date_gmt":"2024-02-11T09:47:02","guid":{"rendered":"https:\/\/apantofi.ro\/?page_id=22"},"modified":"2024-02-11T09:47:02","modified_gmt":"2024-02-11T09:47:02","slug":"blog","status":"publish","type":"page","link":"https:\/\/apantofi.ro\/index.php\/blog\/","title":{"rendered":"Blog"},"content":{"rendered":"\n<div class=\"wp-block-group alignfull is-layout-constrained wp-block-group-is-layout-constrained\" style=\"padding-top:var(--wp--custom--spacing--small, 1.25rem);padding-bottom:var(--wp--custom--spacing--small, 1.25rem)\">\n<div class=\"wp-block-columns alignwide has-primary-color has-text-color has-link-color wp-elements-b12415bd8a841452ad735ca5930655c0 is-layout-flex wp-container-core-columns-is-layout-36e9ec45 wp-block-columns-is-layout-flex\" style=\"margin-top:0px;margin-bottom:0px\">\n<div class=\"wp-block-column is-layout-flow wp-block-column-is-layout-flow\" style=\"flex-basis:33.33%\">\n<div class=\"wp-block-cover is-light\" style=\"min-height:400px;aspect-ratio:unset;\"><span aria-hidden=\"true\" class=\"wp-block-cover__background has-secondary-background-color has-background-dim-100 has-background-dim\"><\/span><div class=\"wp-block-cover__inner-container is-layout-flow wp-block-cover-is-layout-flow\"><div class=\"aligncenter wp-block-site-logo\"><a href=\"https:\/\/apantofi.ro\/\" class=\"custom-logo-link\" rel=\"home\"><img loading=\"lazy\" decoding=\"async\" width=\"254\" height=\"254\" src=\"https:\/\/apantofi.ro\/wp-content\/uploads\/2024\/02\/apantofi.jpg\" class=\"custom-logo\" alt=\"Pantofi, sandale, ghete \u0219i multe altele\" srcset=\"https:\/\/apantofi.ro\/wp-content\/uploads\/2024\/02\/apantofi.jpg 227w, https:\/\/apantofi.ro\/wp-content\/uploads\/2024\/02\/apantofi-150x150.jpg 150w\" sizes=\"auto, (max-width: 254px) 100vw, 254px\" \/><\/a><\/div><\/div><\/div>\n\n\n\n<div style=\"height:40px\" aria-hidden=\"true\" class=\"wp-block-spacer\"><\/div>\n\n\n\n\n\n<div style=\"height:32px\" aria-hidden=\"true\" class=\"wp-block-spacer\"><\/div>\n\n\n\n<hr class=\"wp-block-separator has-text-color has-foreground-color has-css-opacity has-foreground-background-color has-background is-style-wide\"\/>\n\n\n\n<div style=\"height:32px\" aria-hidden=\"true\" class=\"wp-block-spacer\"><\/div>\n\n\n<nav class=\"is-vertical wp-block-navigation is-layout-flex wp-container-core-navigation-is-layout-fe9cc265 wp-block-navigation-is-layout-flex\"><ul class=\"wp-block-navigation__container  is-vertical wp-block-navigation\"><ul class=\"wp-block-page-list\"><li class=\"wp-block-pages-list__item wp-block-navigation-item open-on-hover-click\"><a class=\"wp-block-pages-list__item__link wp-block-navigation-item__content\" href=\"https:\/\/apantofi.ro\/index.php\/blog\/\">Blog<\/a><\/li><\/ul><\/ul><\/nav>\n\n\n<div style=\"height:32px\" aria-hidden=\"true\" class=\"wp-block-spacer\"><\/div>\n\n\n\n<hr class=\"wp-block-separator has-text-color has-foreground-color has-css-opacity has-foreground-background-color has-background is-style-wide\"\/>\n<\/div>\n\n\n\n<div class=\"wp-block-column is-layout-flow wp-block-column-is-layout-flow\" style=\"flex-basis:66.66%\">\n<div class=\"wp-block-query is-layout-constrained wp-block-query-is-layout-constrained\"><ul class=\"wp-block-post-template is-layout-flow wp-block-post-template-is-layout-flow\"><li class=\"wp-block-post post-6 post type-post status-publish format-standard has-post-thumbnail hentry category-uncategorized\">\n<h2 style=\"font-style:normal;font-weight:300; margin-top:0;margin-bottom:1rem;\" class=\"has-link-color wp-elements-a21dad5937e9611961dcfaadd8795e97 wp-block-post-title has-text-color has-primary-color has-var-wp-custom-typography-font-size-huge-clamp-2-25-rem-4-vw-2-75-rem-font-size\"><a href=\"https:\/\/apantofi.ro\/index.php\/2024\/02\/11\/ce-trebuie-sa-porti-in-egipt\/\" target=\"_self\" >Ce trebuie s\u0103 porti in Egipt?<\/a><\/h2>\n\n<figure class=\"wp-block-post-featured-image\"><a href=\"https:\/\/apantofi.ro\/index.php\/2024\/02\/11\/ce-trebuie-sa-porti-in-egipt\/\" target=\"_self\"  ><img loading=\"lazy\" decoding=\"async\" width=\"2560\" height=\"1707\" src=\"https:\/\/apantofi.ro\/wp-content\/uploads\/2024\/02\/AdobeStock_498803938-scaled.jpeg\" class=\"attachment-post-thumbnail size-post-thumbnail wp-post-image\" alt=\"Ce trebuie s\u0103 porti in Egipt?\" style=\"object-fit:cover;\" srcset=\"https:\/\/apantofi.ro\/wp-content\/uploads\/2024\/02\/AdobeStock_498803938-scaled.jpeg 2560w, https:\/\/apantofi.ro\/wp-content\/uploads\/2024\/02\/AdobeStock_498803938-300x200.jpeg 300w, https:\/\/apantofi.ro\/wp-content\/uploads\/2024\/02\/AdobeStock_498803938-1024x683.jpeg 1024w, https:\/\/apantofi.ro\/wp-content\/uploads\/2024\/02\/AdobeStock_498803938-768x512.jpeg 768w, https:\/\/apantofi.ro\/wp-content\/uploads\/2024\/02\/AdobeStock_498803938-1536x1024.jpeg 1536w, https:\/\/apantofi.ro\/wp-content\/uploads\/2024\/02\/AdobeStock_498803938-2048x1365.jpeg 2048w\" sizes=\"auto, (max-width: 2560px) 100vw, 2560px\" \/><\/a><\/figure>\n\n<div class=\"wp-block-post-excerpt\"><p class=\"wp-block-post-excerpt__excerpt\">Dac\u0103 v\u0103 c\u0103uta\u021bi prin dulap pentru a vedea ce pute\u021bi \u00eempacheta \u0219i ce pute\u021bi l\u0103sa acas\u0103 pentru marea vacan\u021b\u0103 \u00een Egipt, \u021bine\u021bi cont de cei doi R: racoritor \u0219i respectabil. Temperaturile de var\u0103 \u00een ora\u0219ele din sud, cum ar fi Aswan, pot ajunge la 50 de grade Celsius (122 de grade Fahrenheit) \u0219i nu scad&hellip; <\/p><\/div>\n\n\n<div class=\"wp-block-group is-layout-flex wp-block-group-is-layout-flex\"><div style=\"font-style:normal;font-weight:400;\" class=\"wp-block-post-date has-small-font-size\"><time datetime=\"2024-02-11T09:16:47+00:00\">February 11, 2024<\/time><\/div>\n\n<div class=\"taxonomy-category wp-block-post-terms has-small-font-size\"><a href=\"https:\/\/apantofi.ro\/index.php\/category\/uncategorized\/\" rel=\"tag\">Uncategorized<\/a><\/div>\n\n<\/div>\n\n\n\n<div style=\"height:128px\" aria-hidden=\"true\" class=\"wp-block-spacer\"><\/div>\n\n<\/li><\/ul>\n\n<\/div>\n<\/div>\n<\/div>\n<\/div>\n","protected":false},"excerpt":{"rendered":"","protected":false},"author":1,"featured_media":0,"parent":0,"menu_order":0,"comment_status":"closed","ping_status":"closed","template":"","meta":{"footnotes":""},"class_list":["post-22","page","type-page","status-publish","hentry"],"_links":{"self":[{"href":"https:\/\/apantofi.ro\/index.php\/wp-json\/wp\/v2\/pages\/22","targetHints":{"allow":["GET"]}}],"collection":[{"href":"https:\/\/apantofi.ro\/index.php\/wp-json\/wp\/v2\/pages"}],"about":[{"href":"https:\/\/apantofi.ro\/index.php\/wp-json\/wp\/v2\/types\/page"}],"author":[{"embeddable":true,"href":"https:\/\/apantofi.ro\/index.php\/wp-json\/wp\/v2\/users\/1"}],"replies":[{"embeddable":true,"href":"https:\/\/apantofi.ro\/index.php\/wp-json\/wp\/v2\/comments?post=22"}],"version-history":[{"count":1,"href":"https:\/\/apantofi.ro\/index.php\/wp-json\/wp\/v2\/pages\/22\/revisions"}],"predecessor-version":[{"id":23,"href":"https:\/\/apantofi.ro\/index.php\/wp-json\/wp\/v2\/pages\/22\/revisions\/23"}],"wp:attachment":[{"href":"https:\/\/apantofi.ro\/index.php\/wp-json\/wp\/v2\/media?parent=22"}],"curies":[{"name":"wp","href":"https:\/\/api.w.org\/{rel}","templated":true}]}}